{"id":243,"date":"2024-11-11T08:09:10","date_gmt":"2024-11-11T08:09:10","guid":{"rendered":"http:\/\/petrol.local\/?page_id=243"},"modified":"2026-02-19T09:39:58","modified_gmt":"2026-02-19T09:39:58","slug":"references","status":"publish","type":"page","link":"https:\/\/www.petrolterv.hu\/en\/referenciak\/","title":{"rendered":"References"},"content":{"rendered":"<section class=\"gb-container gb-container-25d91d4c\" id=\"referenciak\">\n<div class=\"gb-container gb-container-4724e8d1 reference-content\">\n<div class=\"gb-container gb-container-0de7e3cc reference-box\">\n\n<div class=\"gb-headline gb-headline-86591508 gb-headline-text reference-year\">2025<\/div>\n\n\n\n<p>Gas engine power plant installation | MOL Nyrt.<\/p>\n\n\n\n<p>Kompakt g\u00e9pi h\u0171t\u0151 technol\u00f3gia telep\u00edt\u00e9se&nbsp;| MOL Nyrt.<\/p>\n\n\n\n<p>Field development and gas plant improvement projects | Foly\u00f3part Energia Kft.<\/p>\n\n\n\n<p>Oil stabilization technology installation | Aspect Energy Kft.<\/p>\n\n\n\n<p>Oil PreTreatment Unit \u2013 Basic design | ROSSI Biofuel Zrt<\/p>\n\n\n\n<p>Extension of Chemical Storage Tank Farm | KALL Ingredients Kft.<\/p>\n\n\n\n<p>Thermal Energy Storage Unit \u2013 Localization and permitting procedure | KYOTO Group<\/p>\n\n\n\n<p>Hydrogen Energy Storage System \u2013 Feasibility study | University of P\u00e9cs<\/p>\n\n<\/div>\n\n<div class=\"gb-container gb-container-d3b53a14 reference-box\">\n\n<div class=\"gb-headline gb-headline-04fed340 gb-headline-text reference-year\">2024<\/div>\n\n\n\n<p>ZSANA UGS - Installation of a new gas engine compressor | Hungarian Gas Storage Ltd.<\/p>\n\n\n\n<p>Energy Innovation Test Station | University of Szeged<\/p>\n\n\n\n<p>Process Modification of a Biogas Plant | MOL Plc.<\/p>\n\n\n\n<p>CO2-CO redukci\u00f3s \u00fczem &#8211; megval\u00f3s\u00edthat\u00f3s\u00e1gi tanulm\u00e1ny &nbsp;| eChemicles Zrt.<\/p>\n\n\n\n<p>Extension of blended oil tank farm and loading station | VABEKO Engineering Ltd.<\/p>\n\n\n\n<p>Development of energy efficiency concepts | Rossi Biofuel Plc.<\/p>\n\n<\/div>\n\n<div class=\"gb-container gb-container-cb3ece96 reference-box\">\n\n<div class=\"gb-headline gb-headline-5bd7efa2 gb-headline-text reference-year\">2023<\/div>\n\n\n\n<p>Feasibility study of a complex energics facility for Zsana UGS | Hungarian Gas Storage Ltd.<\/p>\n\n\n\n<p>Preparation of permitting and detailed engineering documentation for a biomass boiler plant | KALL Ingredients Ltd.<\/p>\n\n\n\n<p>High-capacity hydrogen production plant - Feasibility study | MOL Plc.<\/p>\n\n\n\n<p>Hydrogen gas pipeline \u2013 conceptual level \u2013 investigation of establishment | MOL-PE Circular Economy Science Park Nonprofit Ltd.<\/p>\n\n\n\n<p>Establishment of hydrogen filling stations \u2013 Feasibility study | TRENECON Consulting and Design Ltd. \/ HUMDA Ltd.<\/p>\n\n\n\n<p>Installation of biomass-fired steam boiler and steam turbine power plant | \u00d6ko Consulting Ltd. \/ Viterra Hungary Ltd.<\/p>\n\n<\/div>\n\n<div class=\"gb-container gb-container-ae26c82c reference-box\">\n\n<div class=\"gb-headline gb-headline-3566300d gb-headline-text reference-year\">2022<\/div>\n\n\n\n<p>Corvinus project - Ny\u00e9kpuszta gas field development | TDE ITS Ltd. and MVM Group<\/p>\n\n\n\n<p>Hajd\u00faszoboszl\u00f3 Underground Gas Storage Southern Plant Reconstruction | Hungarian Gas Storage Ltd.<\/p>\n\n\n\n<p>SunPro meal processing technology plant and silo park expansion | BUNGE Ltd.<\/p>\n\n\n\n<p>Design of a Biomass Heating Plant | TERMOSTAR Ltd.<\/p>\n\n\n\n<p>Establishment of a vegetable oil processing plant - Feasibility study | ROSSI BIOFUEL Ltd.<\/p>\n\n\n\n<p>Hydrogen fueling station permitting - improvement of regulatory background | Hungarian Hydrogen Technology Association<\/p>\n\n<\/div>\n\n<div class=\"gb-container gb-container-ef026d8d reference-box\">\n\n<div class=\"gb-headline gb-headline-9db1fc19 gb-headline-text reference-year\">2021<\/div>\n\n\n\n<p>Design of hydrogen-producing and utilizing technology (Aquamarine Project) | Hungarian Gas Storage Ltd.<\/p>\n\n\n\n<p>Experimental hydrogen production project | B\u00fckk\u00e1br\u00e1ny Photovoltaic Power Plant Project Ltd.<\/p>\n\n\n\n<p>POLIOL \u2013 Detailed design engineering and permitting tasks for a loading and unloading station| MOL MPK<\/p>\n\n\n\n<p>Design of a vegetable oil factory | BOLIO Ltd.<\/p>\n\n\n\n<p>Installation of biodiesel storage tanks | ROSSI BIOFUEL Ltd.<\/p>\n\n\n\n<p>Design of a Photovoltaic Mini Power Plant and Hydrogen Production Unit | University of Szeged<\/p>\n\n<\/div>\n\n<div class=\"gb-container gb-container-5edb68a3 reference-box\">\n\n<div class=\"gb-headline gb-headline-da4f97fc gb-headline-text reference-year\">2020<\/div>\n\n\n\n<p>Design of a biodiesel production plant | Rossi Biofuel Ltd.<\/p>\n\n\n\n<p>Installation of biomass boiler | KALL Ingredients Ltd.<\/p>\n\n\n\n<p>Design of a starch drying plant | KALL Ingredients Ltd.<\/p>\n\n\n\n<p>SZBT-1 \u2013 Design of closed flare system | HEXUM Natural Gas Ltd.<\/p>\n\n\n\n<p>Installation of a new electrically driven compressor in the Kardosk\u00fat Natural Gas Storage | Hungarian Gas<\/p>\n\n<\/div>\n\n<div class=\"gb-container gb-container-ab8e9703 reference-box\">\n\n<div class=\"gb-headline gb-headline-62ae6d2d gb-headline-text reference-year\">2019<\/div>\n\n\n\n<p>Design of a vegetable cooking oil production plant | NT Ltd.<\/p>\n\n\n\n<p>Refurbishment design for a 10,000 m3 tank | MOL Plc.<\/p>\n\n\n\n<p>Replacement of production trunk lines crossing the Tisza River | MOL Plc.<\/p>\n\n\n\n<p>Design of an NGL stabilizing plant | MMBF Ltd.<\/p>\n\n\n\n<p>Planning of the installation of a high-capacity flare | MMBF Ltd.<\/p>\n\n<\/div>\n\n<div class=\"gb-container gb-container-2cd4d275 reference-box\">\n\n<div class=\"gb-headline gb-headline-01c2318d gb-headline-text reference-year\">2018<\/div>\n\n\n\n<p>Commissioning of new oil wells, expansion of oil collecting station technology | MOL Plc.<\/p>\n\n\n\n<p>Design of columns for BORSODCHEM Ltd. | MVM OVIT Ltd.<\/p>\n\n\n\n<p>Hajd\u00faszoboszl\u00f3 FGT post-emergency restoration work | Hungarian Gas Storage Ltd.<\/p>\n\n\n\n<p>Detailed engineering design related to the installation of nitrous oxide production equipment | LINDE GAS Ltd.<\/p>\n\n\n\n<p>Efficiency improvement of Zsana FGT gas processing technology | Hungarian Gas Storage Ltd.<\/p>\n\n<\/div>\n\n<div class=\"gb-container gb-container-e679df9a reference-box\">\n\n<div class=\"gb-headline gb-headline-90a65d0d gb-headline-text reference-year\">2017<\/div>\n\n\n\n<p>Design of an alcohol plant and alcohol plant tank park | Visonta Projekt Ltd.<\/p>\n\n\n\n<p>Planning of a gathering station and gas processing plant | O&amp;GD Central Ltd.<\/p>\n\n\n\n<p>Commissioning of new gas wells, expansion of gas processing technology | MOL Plc.<\/p>\n\n\n\n<p>Design of pipelines in concession areas for field development | O&amp;GD Central Ltd.<\/p>\n\n\n\n<p>Technical review of utility providers | P\u00d6YRY-ER\u0150TERV Ltd.<\/p>\n\n<\/div>\n\n<div class=\"gb-container gb-container-a1fb15cc reference-box\">\n\n<div class=\"gb-headline gb-headline-2f616373 gb-headline-text reference-year\">2016<\/div>\n\n\n\n<p>Capacity increase of a propane refrigeration technology | MVM ERBE Ltd.<\/p>\n\n\n\n<p>Design of a geothermal power plant | MOL Plc. \u2013 CEGE Ltd.<\/p>\n\n\n\n<p>Layout plan for condensate stabilization facility | MMBF Ltd.<\/p>\n\n\n\n<p>Technological review for production increase | MOL Plc.<\/p>\n\n\n\n<p>Technical asset valuation | Hungarian Gas Storage Ltd.<\/p>\n\n<\/div>\n\n<div class=\"gb-container gb-container-b7540b5c reference-box\">\n\n<div class=\"gb-headline gb-headline-6e0a78ee gb-headline-text reference-year\">2015<\/div>\n\n\n\n<p>Design of a distillation plant and tank park | Tisza-TK Projekt Ltd.<\/p>\n\n\n\n<p>Experiment to increase the yield of oil fields using polymer-tenside| MOL Plc.<\/p>\n\n\n\n<p>Installation of a waste gas compressor | VABEKO Ltd.<\/p>\n\n\n\n<p>Design of a wastewater treatment pond system | TVK Ltd.<\/p>\n\n\n\n<p>Commissioning of a new oil well, expansion of oil gathering station technology | MOL Plc.<\/p>\n\n<\/div>\n\n<div class=\"gb-container gb-container-b77605c3 reference-box\">\n\n<div class=\"gb-headline gb-headline-0ea3fedf gb-headline-text reference-year\">2014<\/div>\n\n\n\n<p>Transformation of the technological central heating system | MFGT Ltd.<\/p>\n\n\n\n<p>Design of a portable separator unit | VABEKO Ltd.<\/p>\n\n\n\n<p>Reduction of hydrogen sulfide content in oil-associated gases | MOL Plc.<\/p>\n\n\n\n<p>Commissioning of new gas wells, expansion of gas processing technology | MOL Plc.<\/p>\n\n\n\n<p>Design of a geothermal test plant | MOL Plc. \u2013 CEGE Ltd.<\/p>\n\n<\/div>\n\n<div class=\"gb-container gb-container-d7bb8341 reference-box\">\n\n<div class=\"gb-headline gb-headline-f2b5e9a0 gb-headline-text reference-year\">2013<\/div>\n\n\n\n<p>Preparation of operational P&amp;ID diagrams for HAZOP analysis | MOL Plc.<\/p>\n\n\n\n<p>Expansion of oil tank storage capacity in a gathering station| MOL Plc.<\/p>\n\n\n\n<p>Reconstruction of glycol regenerators in Zsana FGT | EON Natural Gas Storage Ltd.<\/p>\n\n\n\n<p>Reconstruction of industrial firewater system | MOL Plc.<\/p>\n\n\n\n<p>Technical inspection of MMBF Sz\u0151reg-1 gas storage | MSZKSZ Ltd.<\/p>\n\n<\/div>\n\n<div class=\"gb-container gb-container-5a41c859 grey-circle-2\" id=\"Karika\"><\/div>\n<\/div>\n<\/section>","protected":false},"excerpt":{"rendered":"<p>2025 G\u00e1zmotoros er\u0151m\u0171 telep\u00edt\u00e9se | MOL Nyrt. Kompakt g\u00e9pi h\u0171t\u0151 technol\u00f3gia telep\u00edt\u00e9se&nbsp;| MOL Nyrt. Mez\u0151fejleszt\u00e9s \u00e9s g\u00e1z\u00fczemi b\u0151v\u00edt\u00e9se | Foly\u00f3part Energia Kft. Olajstabiliz\u00e1l\u00f3 technol\u00f3gia telep\u00edt\u00e9se | Aspect Energy Kft. Olaj el\u0151kezel\u0151 \u00fczem \u2013 Basic tervek \u00f6ssze\u00e1ll\u00edt\u00e1sa | ROSSI Biofuel Zrt. Vegyszert\u00e1rol\u00f3 tart\u00e1lypark b\u0151v\u00edt\u00e9se | KALL Ingredients Kft. H\u0151t\u00e1rol\u00f3 technol\u00f3gia honos\u00edt\u00e1sa \u00e9s enged\u00e9lyeztet\u00e9se | KYOTO Group &#8230; <a title=\"References\" class=\"read-more\" href=\"https:\/\/www.petrolterv.hu\/en\/referenciak\/\" aria-label=\"Read more about Referenci\u00e1k\">Read more<\/a><\/p>","protected":false},"author":1,"featured_media":0,"parent":0,"menu_order":0,"comment_status":"closed","ping_status":"closed","template":"","meta":{"footnotes":""},"class_list":["post-243","page","type-page","status-publish"],"_links":{"self":[{"href":"https:\/\/www.petrolterv.hu\/en\/wp-json\/wp\/v2\/pages\/243","targetHints":{"allow":["GET"]}}],"collection":[{"href":"https:\/\/www.petrolterv.hu\/en\/wp-json\/wp\/v2\/pages"}],"about":[{"href":"https:\/\/www.petrolterv.hu\/en\/wp-json\/wp\/v2\/types\/page"}],"author":[{"embeddable":true,"href":"https:\/\/www.petrolterv.hu\/en\/wp-json\/wp\/v2\/users\/1"}],"replies":[{"embeddable":true,"href":"https:\/\/www.petrolterv.hu\/en\/wp-json\/wp\/v2\/comments?post=243"}],"version-history":[{"count":21,"href":"https:\/\/www.petrolterv.hu\/en\/wp-json\/wp\/v2\/pages\/243\/revisions"}],"predecessor-version":[{"id":656,"href":"https:\/\/www.petrolterv.hu\/en\/wp-json\/wp\/v2\/pages\/243\/revisions\/656"}],"wp:attachment":[{"href":"https:\/\/www.petrolterv.hu\/en\/wp-json\/wp\/v2\/media?parent=243"}],"curies":[{"name":"wp","href":"https:\/\/api.w.org\/{rel}","templated":true}]}}